{"id":1098,"date":"2025-06-27T20:15:15","date_gmt":"2025-06-27T23:15:15","guid":{"rendered":"https:\/\/temktemx.com.br\/home\/produto\/pomada-tktx-neo-premium-diamond-100\/"},"modified":"2026-02-13T18:15:47","modified_gmt":"2026-02-13T21:15:47","slug":"pomada-tktx-neo-premium-diamond-100","status":"publish","type":"product","link":"https:\/\/temktemx.com.br\/home\/produto\/pomada-tktx-neo-premium-diamond-100\/","title":{"rendered":"Pomada TKTX NEO Premium Diamond 100%"},"content":{"rendered":"<p class=\"\" style=\"margin-bottom: 1.3em;color: #777777;font-family: Lato, sans-serif;font-size: medium;background-color: #ffffff\" data-start=\"137\" data-end=\"204\"><span data-start=\"137\" data-end=\"204\" style=\"font-weight: bolder\">Pomada Anest\u00e9sica TKTX \u2013 Conforto e Tranquilidade para sua Pele<\/span><\/p>\n<p class=\"\" style=\"margin-bottom: 1.3em;color: #777777;font-family: Lato, sans-serif;font-size: medium;background-color: #ffffff\" data-start=\"206\" data-end=\"493\">A pomada TKTX \u00e9 uma das l\u00edderes no mercado quando o assunto \u00e9 anestesia t\u00f3pica para procedimentos est\u00e9ticos e tatuagens. Com f\u00f3rmula avan\u00e7ada e de r\u00e1pida absor\u00e7\u00e3o, ela proporciona um al\u00edvio eficaz da dor, permitindo que voc\u00ea encare sess\u00f5es longas com muito mais conforto e tranquilidade.<\/p>\n<p class=\"\" style=\"margin-bottom: 1.3em;color: #777777;font-family: Lato, sans-serif;font-size: medium;background-color: #ffffff\" data-start=\"495\" data-end=\"947\"><img decoding=\"async\" role=\"img\" class=\"emoji\" alt=\"\u2705\" src=\"https:\/\/s.w.org\/images\/core\/emoji\/15.1.0\/svg\/2705.svg\" style=\"border: none !important;display: inline !important;height: 1em !important;max-width: 100%;vertical-align: -0.1em !important;opacity: 1;box-shadow: none !important;width: 1em !important;margin: 0px 0.07em !important;background: none !important;padding: 0px !important\" \/>\u00a0<span data-start=\"497\" data-end=\"525\" style=\"font-weight: bolder\">Alta efic\u00e1cia anest\u00e9sica<\/span>: Alivia a dor por at\u00e9 4 a 6 horas<br data-start=\"559\" data-end=\"562\" \/><img decoding=\"async\" role=\"img\" class=\"emoji\" alt=\"\u2705\" src=\"https:\/\/s.w.org\/images\/core\/emoji\/15.1.0\/svg\/2705.svg\" style=\"border: none !important;display: inline !important;height: 1em !important;max-width: 100%;vertical-align: -0.1em !important;opacity: 1;box-shadow: none !important;width: 1em !important;margin: 0px 0.07em !important;background: none !important;padding: 0px !important\" \/>\u00a0<span data-start=\"564\" data-end=\"579\" style=\"font-weight: bolder\">A\u00e7\u00e3o r\u00e1pida<\/span>: Come\u00e7a a fazer efeito em aproximadamente 50 minutos ap\u00f3s a aplica\u00e7\u00e3o<br data-start=\"654\" data-end=\"657\" \/><img decoding=\"async\" role=\"img\" class=\"emoji\" alt=\"\u2705\" src=\"https:\/\/s.w.org\/images\/core\/emoji\/15.1.0\/svg\/2705.svg\" style=\"border: none !important;display: inline !important;height: 1em !important;max-width: 100%;vertical-align: -0.1em !important;opacity: 1;box-shadow: none !important;width: 1em !important;margin: 0px 0.07em !important;background: none !important;padding: 0px !important\" \/>\u00a0<span data-start=\"659\" data-end=\"764\" style=\"font-weight: bolder\">Ideal para tatuagens, piercings, depila\u00e7\u00e3o a laser, micropigmenta\u00e7\u00e3o e outros procedimentos est\u00e9ticos<\/span><br data-start=\"764\" data-end=\"767\" \/><img decoding=\"async\" role=\"img\" class=\"emoji\" alt=\"\u2705\" src=\"https:\/\/s.w.org\/images\/core\/emoji\/15.1.0\/svg\/2705.svg\" style=\"border: none !important;display: inline !important;height: 1em !important;max-width: 100%;vertical-align: -0.1em !important;opacity: 1;box-shadow: none !important;width: 1em !important;margin: 0px 0.07em !important;background: none !important;padding: 0px !important\" \/>\u00a0<span data-start=\"769\" data-end=\"789\" style=\"font-weight: bolder\">F\u00e1cil de aplicar<\/span>: Textura leve, n\u00e3o oleosa, e com \u00f3tima fixa\u00e7\u00e3o na pele<br data-start=\"844\" data-end=\"847\" \/><img decoding=\"async\" role=\"img\" class=\"emoji\" alt=\"\u2705\" src=\"https:\/\/s.w.org\/images\/core\/emoji\/15.1.0\/svg\/2705.svg\" style=\"border: none !important;display: inline !important;height: 1em !important;max-width: 100%;vertical-align: -0.1em !important;opacity: 1;box-shadow: none !important;width: 1em !important;margin: 0px 0.07em !important;background: none !important;padding: 0px !important\" \/>\u00a0<span data-start=\"849\" data-end=\"947\" style=\"font-weight: bolder\">Dispon\u00edvel em diversas vers\u00f5es com diferentes concentra\u00e7\u00f5es, para se adequar \u00e0 sua necessidade<\/span><\/p>\n<p class=\"\" style=\"margin-bottom: 1.3em;color: #777777;font-family: Lato, sans-serif;font-size: medium;background-color: #ffffff\" data-start=\"949\" data-end=\"1171\">Seja voc\u00ea um profissional buscando melhorar a experi\u00eancia dos seus clientes, ou algu\u00e9m prestes a fazer sua primeira tattoo, a TKTX \u00e9 a aliada perfeita para transformar o desconforto em uma experi\u00eancia muito mais tranquila.<\/p>\n","protected":false},"excerpt":{"rendered":"<p>Pomada Anest\u00e9sica TKTX \u2013 Conforto e Tranquilidade para sua Pele A pomada TKTX \u00e9 uma das l\u00edderes no mercado quando [&hellip;]<\/p>\n","protected":false},"featured_media":1095,"template":"","meta":{"_regular_price":["74.9700000000"],"currency_symbol":[],"site-sidebar-layout":"default","site-content-layout":"","ast-site-content-layout":"default","site-content-style":"default","site-sidebar-style":"default","ast-global-header-display":"","ast-banner-title-visibility":"","ast-main-header-display":"","ast-hfb-above-header-display":"","ast-hfb-below-header-display":"","ast-hfb-mobile-header-display":"","site-post-title":"","ast-breadcrumbs-content":"","ast-featured-img":"","footer-sml-layout":"","ast-disable-related-posts":"","theme-transparent-header-meta":"","adv-header-id-meta":"","stick-header-meta":"","header-above-stick-meta":"","header-main-stick-meta":"","header-below-stick-meta":"","astra-migrate-meta-layouts":"default","ast-page-background-enabled":"default","ast-page-background-meta":{"desktop":{"background-color":"var(--ast-global-color-5)","background-image":"","background-repeat":"repeat","background-position":"center center","background-size":"auto","background-attachment":"scroll","background-type":"","background-media":"","overlay-type":"","overlay-color":"","overlay-opacity":"","overlay-gradient":""},"tablet":{"background-color":"","background-image":"","background-repeat":"repeat","background-position":"center center","background-size":"auto","background-attachment":"scroll","background-type":"","background-media":"","overlay-type":"","overlay-color":"","overlay-opacity":"","overlay-gradient":""},"mobile":{"background-color":"","background-image":"","background-repeat":"repeat","background-position":"center center","background-size":"auto","background-attachment":"scroll","background-type":"","background-media":"","overlay-type":"","overlay-color":"","overlay-opacity":"","overlay-gradient":""}},"ast-content-background-meta":{"desktop":{"background-color":"var(--ast-global-color-4)","background-image":"","background-repeat":"repeat","background-position":"center center","background-size":"auto","background-attachment":"scroll","background-type":"","background-media":"","overlay-type":"","overlay-color":"","overlay-opacity":"","overlay-gradient":""},"tablet":{"background-color":"var(--ast-global-color-4)","background-image":"","background-repeat":"repeat","background-position":"center center","background-size":"auto","background-attachment":"scroll","background-type":"","background-media":"","overlay-type":"","overlay-color":"","overlay-opacity":"","overlay-gradient":""},"mobile":{"background-color":"var(--ast-global-color-4)","background-image":"","background-repeat":"repeat","background-position":"center center","background-size":"auto","background-attachment":"scroll","background-type":"","background-media":"","overlay-type":"","overlay-color":"","overlay-opacity":"","overlay-gradient":""}}},"product_brand":[],"product_cat":[85],"product_tag":[],"class_list":{"0":"post-1098","1":"product","2":"type-product","3":"status-publish","4":"has-post-thumbnail","6":"product_cat-pomadas","7":"desktop-align-center","8":"tablet-align-left","9":"mobile-align-left","11":"first","12":"instock","13":"shipping-taxable","14":"purchasable","15":"product-type-simple"},"post_slider_layout_featured_media_urls":{"thumbnail":["https:\/\/temktemx.com.br\/home\/wp-content\/uploads\/2025\/06\/15345424661-tktx-3-1-280x280.jpg",280,280,true],"post_slider_layout_landscape_large":["https:\/\/temktemx.com.br\/home\/wp-content\/uploads\/2025\/06\/15345424661-tktx-3-1-1200x800.jpg",1200,800,true],"post_slider_layout_portrait_large":["https:\/\/temktemx.com.br\/home\/wp-content\/uploads\/2025\/06\/15345424661-tktx-3-1.jpg",1200,1200,false],"post_slider_layout_square_large":["https:\/\/temktemx.com.br\/home\/wp-content\/uploads\/2025\/06\/15345424661-tktx-3-1.jpg",1200,1200,false],"post_slider_layout_landscape":["https:\/\/temktemx.com.br\/home\/wp-content\/uploads\/2025\/06\/15345424661-tktx-3-1-600x400.jpg",600,400,true],"post_slider_layout_portrait":["https:\/\/temktemx.com.br\/home\/wp-content\/uploads\/2025\/06\/15345424661-tktx-3-1-600x900.jpg",600,900,true],"post_slider_layout_square":["https:\/\/temktemx.com.br\/home\/wp-content\/uploads\/2025\/06\/15345424661-tktx-3-1-600x600.jpg",600,600,true],"full":["https:\/\/temktemx.com.br\/home\/wp-content\/uploads\/2025\/06\/15345424661-tktx-3-1.jpg",1200,1200,false]},"_links":{"self":[{"href":"https:\/\/temktemx.com.br\/home\/wp-json\/wp\/v2\/product\/1098","targetHints":{"allow":["GET"]}}],"collection":[{"href":"https:\/\/temktemx.com.br\/home\/wp-json\/wp\/v2\/product"}],"about":[{"href":"https:\/\/temktemx.com.br\/home\/wp-json\/wp\/v2\/types\/product"}],"wp:featuredmedia":[{"embeddable":true,"href":"https:\/\/temktemx.com.br\/home\/wp-json\/wp\/v2\/media\/1095"}],"wp:attachment":[{"href":"https:\/\/temktemx.com.br\/home\/wp-json\/wp\/v2\/media?parent=1098"}],"wp:term":[{"taxonomy":"product_brand","embeddable":true,"href":"https:\/\/temktemx.com.br\/home\/wp-json\/wp\/v2\/product_brand?post=1098"},{"taxonomy":"product_cat","embeddable":true,"href":"https:\/\/temktemx.com.br\/home\/wp-json\/wp\/v2\/product_cat?post=1098"},{"taxonomy":"product_tag","embeddable":true,"href":"https:\/\/temktemx.com.br\/home\/wp-json\/wp\/v2\/product_tag?post=1098"}],"curies":[{"name":"wp","href":"https:\/\/api.w.org\/{rel}","templated":true}]}}