{"id":1124,"date":"2025-06-27T20:40:52","date_gmt":"2025-06-27T23:40:52","guid":{"rendered":"https:\/\/temktemx.com.br\/home\/produto\/kit-com-duas-pomadas-anestesica-rambo-95\/"},"modified":"2026-02-24T12:35:26","modified_gmt":"2026-02-24T15:35:26","slug":"kit-com-duas-pomadas-anestesica-rambo-95","status":"publish","type":"product","link":"https:\/\/temktemx.com.br\/home\/produto\/kit-com-duas-pomadas-anestesica-rambo-95\/","title":{"rendered":"Kit Com Duas Pomadas Anest\u00e9sica &#8211; Rambo 95%"},"content":{"rendered":"","protected":false},"excerpt":{"rendered":"<p>PEDIDOS CONFIRMADOS AT\u00c9 AS 12H, SER\u00c3O ENVIADOS NO MESMO DIA!<\/p>\n<p>*****************************************************************************************<\/p>\n<p>\u00a0<\/p>\n<p>Para quem n\u00e3o conhece, a pomada RAMBO 75% \u00e9 um m\u00e9todo revolucion\u00e1rio e eficiente para al\u00edvio da dor em procedimentos est\u00e9ticos como: Tatuagens, Micropigmenta\u00e7\u00e3o, Microblanding, Piercing, Depila\u00e7\u00e3o a laser e\/ou cera, Remo\u00e7\u00e3o de tatuagem a laser, Botox, Design de Sobrancelhas, Tratamentos est\u00e9ticos, etc.<\/p>\n<p>\u00a0<\/p>\n<p>Aqui est\u00e3o algumas raz\u00f5es pelas quais ela se destaca:<\/p>\n<p>&#8211; Al\u00edvio absurdo da dor: Com uma efic\u00e1cia impressionante, a pomada RAMBO proporciona al\u00edvio de 90% a 100% da dor durante o procedimento;<\/p>\n<p>&#8211; Compatibilidade: N\u00e3o interfere na cor da tatuagem e al\u00edvio da dor nas camadas superficiais da pele: derme e epiderme;<\/p>\n<p>&#8211; Recomend\u00e1vel deixar agir antes do procedimento, por pelo menos 50 minutos;<\/p>\n<p>&#8211; Produto com selo de autenticidade dos dois lados<\/p>\n<p>&#8211; POMADA LACRADA<\/p>\n<p>Conte\u00fado da embalagem: 10 gramas<\/p>\n<p>\u00a0<\/p>\n<p>*****************************************************************************************<\/p>\n<p>QUEIMA DE ESTOQUE, APENAS ALGUNS KITS NESSE VALOR!!! APROVEITE AGORA, dispon\u00edvel apenas essas unidades no an\u00fancio.<\/p>\n<p>*****************************************************************************************<\/p>\n","protected":false},"featured_media":1172,"template":"","meta":{"_regular_price":["99.0000000000"],"currency_symbol":[],"site-sidebar-layout":"default","site-content-layout":"","ast-site-content-layout":"default","site-content-style":"default","site-sidebar-style":"default","ast-global-header-display":"","ast-banner-title-visibility":"","ast-main-header-display":"","ast-hfb-above-header-display":"","ast-hfb-below-header-display":"","ast-hfb-mobile-header-display":"","site-post-title":"","ast-breadcrumbs-content":"","ast-featured-img":"","footer-sml-layout":"","ast-disable-related-posts":"","theme-transparent-header-meta":"","adv-header-id-meta":"","stick-header-meta":"","header-above-stick-meta":"","header-main-stick-meta":"","header-below-stick-meta":"","astra-migrate-meta-layouts":"default","ast-page-background-enabled":"default","ast-page-background-meta":{"desktop":{"background-color":"var(--ast-global-color-5)","background-image":"","background-repeat":"repeat","background-position":"center center","background-size":"auto","background-attachment":"scroll","background-type":"","background-media":"","overlay-type":"","overlay-color":"","overlay-opacity":"","overlay-gradient":""},"tablet":{"background-color":"","background-image":"","background-repeat":"repeat","background-position":"center center","background-size":"auto","background-attachment":"scroll","background-type":"","background-media":"","overlay-type":"","overlay-color":"","overlay-opacity":"","overlay-gradient":""},"mobile":{"background-color":"","background-image":"","background-repeat":"repeat","background-position":"center center","background-size":"auto","background-attachment":"scroll","background-type":"","background-media":"","overlay-type":"","overlay-color":"","overlay-opacity":"","overlay-gradient":""}},"ast-content-background-meta":{"desktop":{"background-color":"var(--ast-global-color-4)","background-image":"","background-repeat":"repeat","background-position":"center center","background-size":"auto","background-attachment":"scroll","background-type":"","background-media":"","overlay-type":"","overlay-color":"","overlay-opacity":"","overlay-gradient":""},"tablet":{"background-color":"var(--ast-global-color-4)","background-image":"","background-repeat":"repeat","background-position":"center center","background-size":"auto","background-attachment":"scroll","background-type":"","background-media":"","overlay-type":"","overlay-color":"","overlay-opacity":"","overlay-gradient":""},"mobile":{"background-color":"var(--ast-global-color-4)","background-image":"","background-repeat":"repeat","background-position":"center center","background-size":"auto","background-attachment":"scroll","background-type":"","background-media":"","overlay-type":"","overlay-color":"","overlay-opacity":"","overlay-gradient":""}}},"product_brand":[],"product_cat":[85],"product_tag":[],"class_list":{"0":"post-1124","1":"product","2":"type-product","3":"status-publish","4":"has-post-thumbnail","6":"product_cat-pomadas","7":"desktop-align-center","8":"tablet-align-left","9":"mobile-align-left","11":"first","12":"instock","13":"shipping-taxable","14":"purchasable","15":"product-type-simple"},"post_slider_layout_featured_media_urls":{"thumbnail":["https:\/\/temktemx.com.br\/home\/wp-content\/uploads\/2025\/06\/15343557578-d-757529-mlb83566793870-042025-o-5-280x280.jpg",280,280,true],"post_slider_layout_landscape_large":["https:\/\/temktemx.com.br\/home\/wp-content\/uploads\/2025\/06\/15343557578-d-757529-mlb83566793870-042025-o-5.jpg",476,500,false],"post_slider_layout_portrait_large":["https:\/\/temktemx.com.br\/home\/wp-content\/uploads\/2025\/06\/15343557578-d-757529-mlb83566793870-042025-o-5.jpg",476,500,false],"post_slider_layout_square_large":["https:\/\/temktemx.com.br\/home\/wp-content\/uploads\/2025\/06\/15343557578-d-757529-mlb83566793870-042025-o-5.jpg",476,500,false],"post_slider_layout_landscape":["https:\/\/temktemx.com.br\/home\/wp-content\/uploads\/2025\/06\/15343557578-d-757529-mlb83566793870-042025-o-5-476x400.jpg",476,400,true],"post_slider_layout_portrait":["https:\/\/temktemx.com.br\/home\/wp-content\/uploads\/2025\/06\/15343557578-d-757529-mlb83566793870-042025-o-5.jpg",476,500,false],"post_slider_layout_square":["https:\/\/temktemx.com.br\/home\/wp-content\/uploads\/2025\/06\/15343557578-d-757529-mlb83566793870-042025-o-5.jpg",476,500,false],"full":["https:\/\/temktemx.com.br\/home\/wp-content\/uploads\/2025\/06\/15343557578-d-757529-mlb83566793870-042025-o-5.jpg",476,500,false]},"_links":{"self":[{"href":"https:\/\/temktemx.com.br\/home\/wp-json\/wp\/v2\/product\/1124","targetHints":{"allow":["GET"]}}],"collection":[{"href":"https:\/\/temktemx.com.br\/home\/wp-json\/wp\/v2\/product"}],"about":[{"href":"https:\/\/temktemx.com.br\/home\/wp-json\/wp\/v2\/types\/product"}],"wp:featuredmedia":[{"embeddable":true,"href":"https:\/\/temktemx.com.br\/home\/wp-json\/wp\/v2\/media\/1172"}],"wp:attachment":[{"href":"https:\/\/temktemx.com.br\/home\/wp-json\/wp\/v2\/media?parent=1124"}],"wp:term":[{"taxonomy":"product_brand","embeddable":true,"href":"https:\/\/temktemx.com.br\/home\/wp-json\/wp\/v2\/product_brand?post=1124"},{"taxonomy":"product_cat","embeddable":true,"href":"https:\/\/temktemx.com.br\/home\/wp-json\/wp\/v2\/product_cat?post=1124"},{"taxonomy":"product_tag","embeddable":true,"href":"https:\/\/temktemx.com.br\/home\/wp-json\/wp\/v2\/product_tag?post=1124"}],"curies":[{"name":"wp","href":"https:\/\/api.w.org\/{rel}","templated":true}]}}