{"id":1141,"date":"2025-06-27T20:42:42","date_gmt":"2025-06-27T23:42:42","guid":{"rendered":"https:\/\/temktemx.com.br\/home\/produto\/kit-com-duas-pomadas-tattoo-anestesica-goosica-799\/"},"modified":"2026-03-28T13:06:26","modified_gmt":"2026-03-28T16:06:26","slug":"kit-com-duas-pomadas-tattoo-anestesica-goosica-799","status":"publish","type":"product","link":"https:\/\/temktemx.com.br\/home\/produto\/kit-com-duas-pomadas-tattoo-anestesica-goosica-799\/","title":{"rendered":"Kit Com Duas Pomadas Tattoo Anest\u00e9sica Goosica 79,9%"},"content":{"rendered":"","protected":false},"excerpt":{"rendered":"<p>PEDIDOS CONFIRMADOS AT\u00c9 AS 12H, SER\u00c3O ENVIADOS NO MESMO DIA!<\/p>\n<p>************************************************************<\/p>\n<p>\u00a0<\/p>\n<p>A Pomada Tattoo Anest\u00e9sica Goosica 79,9% \u00e9 a escolha ideal para quem busca conforto e efic\u00e1cia durante o processo de micropigmenta\u00e7\u00e3o e tatuagens.<\/p>\n<p>\u00a0<\/p>\n<p>Com uma f\u00f3rmula hipoalerg\u00eanica, ela proporciona al\u00edvio imediato da dor, permitindo que voc\u00ea aproveite a experi\u00eancia sem desconfortos.<\/p>\n<p>\u00a0<\/p>\n<p>Al\u00e9m disso, sua a\u00e7\u00e3o hidratante ajuda a manter a pele saud\u00e1vel e bem cuidada.<\/p>\n<p>\u00a0<\/p>\n<p>Se voc\u00ea est\u00e1 em busca de um produto que combine efic\u00e1cia e cuidado, a Pomada Tattoo Anest\u00e9sica Goosica 79,9% \u00e9 a escolha certa.<\/p>\n<p>\u00a0<\/p>\n<p>Experimente e sinta a diferen\u00e7a na sua pr\u00f3xima sess\u00e3o de tatuagem ou micropigmenta\u00e7\u00e3o.<\/p>\n<p>\u00a0<\/p>\n<p>PROMO\u00c7\u00c3O POR TEMPO LIMITADO, POUCAS UNIDADES!!!<\/p>\n<p>\u00a0<\/p>\n","protected":false},"featured_media":1132,"template":"","meta":{"_regular_price":["134.90"],"currency_symbol":[],"site-sidebar-layout":"default","site-content-layout":"","ast-site-content-layout":"default","site-content-style":"default","site-sidebar-style":"default","ast-global-header-display":"","ast-banner-title-visibility":"","ast-main-header-display":"","ast-hfb-above-header-display":"","ast-hfb-below-header-display":"","ast-hfb-mobile-header-display":"","site-post-title":"","ast-breadcrumbs-content":"","ast-featured-img":"","footer-sml-layout":"","ast-disable-related-posts":"","theme-transparent-header-meta":"","adv-header-id-meta":"","stick-header-meta":"","header-above-stick-meta":"","header-main-stick-meta":"","header-below-stick-meta":"","astra-migrate-meta-layouts":"default","ast-page-background-enabled":"default","ast-page-background-meta":{"desktop":{"background-color":"var(--ast-global-color-5)","background-image":"","background-repeat":"repeat","background-position":"center center","background-size":"auto","background-attachment":"scroll","background-type":"","background-media":"","overlay-type":"","overlay-color":"","overlay-opacity":"","overlay-gradient":""},"tablet":{"background-color":"","background-image":"","background-repeat":"repeat","background-position":"center center","background-size":"auto","background-attachment":"scroll","background-type":"","background-media":"","overlay-type":"","overlay-color":"","overlay-opacity":"","overlay-gradient":""},"mobile":{"background-color":"","background-image":"","background-repeat":"repeat","background-position":"center center","background-size":"auto","background-attachment":"scroll","background-type":"","background-media":"","overlay-type":"","overlay-color":"","overlay-opacity":"","overlay-gradient":""}},"ast-content-background-meta":{"desktop":{"background-color":"var(--ast-global-color-4)","background-image":"","background-repeat":"repeat","background-position":"center center","background-size":"auto","background-attachment":"scroll","background-type":"","background-media":"","overlay-type":"","overlay-color":"","overlay-opacity":"","overlay-gradient":""},"tablet":{"background-color":"var(--ast-global-color-4)","background-image":"","background-repeat":"repeat","background-position":"center center","background-size":"auto","background-attachment":"scroll","background-type":"","background-media":"","overlay-type":"","overlay-color":"","overlay-opacity":"","overlay-gradient":""},"mobile":{"background-color":"var(--ast-global-color-4)","background-image":"","background-repeat":"repeat","background-position":"center center","background-size":"auto","background-attachment":"scroll","background-type":"","background-media":"","overlay-type":"","overlay-color":"","overlay-opacity":"","overlay-gradient":""}}},"product_brand":[],"product_cat":[85],"product_tag":[],"class_list":{"0":"post-1141","1":"product","2":"type-product","3":"status-publish","4":"has-post-thumbnail","6":"product_cat-pomadas","7":"desktop-align-center","8":"tablet-align-left","9":"mobile-align-left","11":"first","12":"instock","13":"shipping-taxable","14":"purchasable","15":"product-type-simple"},"post_slider_layout_featured_media_urls":{"thumbnail":["https:\/\/temktemx.com.br\/home\/wp-content\/uploads\/2025\/06\/15343557344-d-845591-mlb83184344165-032025-o-280x280.jpg",280,280,true],"post_slider_layout_landscape_large":["https:\/\/temktemx.com.br\/home\/wp-content\/uploads\/2025\/06\/15343557344-d-845591-mlb83184344165-032025-o.jpg",500,473,false],"post_slider_layout_portrait_large":["https:\/\/temktemx.com.br\/home\/wp-content\/uploads\/2025\/06\/15343557344-d-845591-mlb83184344165-032025-o.jpg",500,473,false],"post_slider_layout_square_large":["https:\/\/temktemx.com.br\/home\/wp-content\/uploads\/2025\/06\/15343557344-d-845591-mlb83184344165-032025-o.jpg",500,473,false],"post_slider_layout_landscape":["https:\/\/temktemx.com.br\/home\/wp-content\/uploads\/2025\/06\/15343557344-d-845591-mlb83184344165-032025-o-500x400.jpg",500,400,true],"post_slider_layout_portrait":["https:\/\/temktemx.com.br\/home\/wp-content\/uploads\/2025\/06\/15343557344-d-845591-mlb83184344165-032025-o.jpg",500,473,false],"post_slider_layout_square":["https:\/\/temktemx.com.br\/home\/wp-content\/uploads\/2025\/06\/15343557344-d-845591-mlb83184344165-032025-o.jpg",500,473,false],"full":["https:\/\/temktemx.com.br\/home\/wp-content\/uploads\/2025\/06\/15343557344-d-845591-mlb83184344165-032025-o.jpg",500,473,false]},"_links":{"self":[{"href":"https:\/\/temktemx.com.br\/home\/wp-json\/wp\/v2\/product\/1141","targetHints":{"allow":["GET"]}}],"collection":[{"href":"https:\/\/temktemx.com.br\/home\/wp-json\/wp\/v2\/product"}],"about":[{"href":"https:\/\/temktemx.com.br\/home\/wp-json\/wp\/v2\/types\/product"}],"wp:featuredmedia":[{"embeddable":true,"href":"https:\/\/temktemx.com.br\/home\/wp-json\/wp\/v2\/media\/1132"}],"wp:attachment":[{"href":"https:\/\/temktemx.com.br\/home\/wp-json\/wp\/v2\/media?parent=1141"}],"wp:term":[{"taxonomy":"product_brand","embeddable":true,"href":"https:\/\/temktemx.com.br\/home\/wp-json\/wp\/v2\/product_brand?post=1141"},{"taxonomy":"product_cat","embeddable":true,"href":"https:\/\/temktemx.com.br\/home\/wp-json\/wp\/v2\/product_cat?post=1141"},{"taxonomy":"product_tag","embeddable":true,"href":"https:\/\/temktemx.com.br\/home\/wp-json\/wp\/v2\/product_tag?post=1141"}],"curies":[{"name":"wp","href":"https:\/\/api.w.org\/{rel}","templated":true}]}}