{"id":1325,"date":"2026-01-07T16:54:58","date_gmt":"2026-01-07T19:54:58","guid":{"rendered":"https:\/\/temktemx.com.br\/home\/produto\/pomada-tatuagem-e-estetica-tk-tx-numbing-azul-99-10g\/"},"modified":"2026-01-07T16:54:58","modified_gmt":"2026-01-07T19:54:58","slug":"pomada-tatuagem-e-estetica-tk-tx-numbing-azul-99-10g","status":"publish","type":"product","link":"https:\/\/temktemx.com.br\/home\/produto\/pomada-tatuagem-e-estetica-tk-tx-numbing-azul-99-10g\/","title":{"rendered":"Pomada Tatuagem e est\u00e9tica TK-TX NUMBING Azul 99% 10G"},"content":{"rendered":"<p>INSTRU\u00c7\u00d5ES DE USO DA POMADA<\/p>\n<p>1. Higienize o local desejado com \u00e1gua morna e sab\u00e3o para abrir os poros da pele.<\/p>\n<p>2. Fa\u00e7a uma leve esfolia\u00e7\u00e3o na regi\u00e3o.<\/p>\n<p>3. Aplique a Pomada cobrindo toda a \u00e1rea com cerca de 2 mm de espessura.<\/p>\n<p>4. Cubra a regi\u00e3o com filme pl\u00e1stico e aguarde 50 minutos 5.Remova o filme pl\u00e1stico e qualquer excesso de pomada para iniciar o procedimento<\/p>\n","protected":false},"excerpt":{"rendered":"<p>PROMO\u00c7\u00c3O DE CONTA NOVA, POUCAS UNIDADES. ************************************************************ Descubra a excel\u00eancia em cuidados para tatuagens com este creme hidratante especializado para amenizar incomodo durante a tatuagem e procedimentos esteticos. Com f\u00f3rmula inovadora que age em apenas 45 minutos, oferece resultados eficientes para sua arte corporal. Cada tubo cont\u00e9m 10g de produto. Ideal para uso profissional em procedimentos de tatuagem e procedimentos esteticos, o produto tem textura suave e absor\u00e7\u00e3o r\u00e1pida. Adequado para todos os tipos de pele, mant\u00e9m sua tatuagem sem incomodos 2-6 horas. O formato conveniente do tubo torna o produto perfeito para transporte e uso em qualquer lugar. Mantenha em temperatura ambiente para melhor conserva\u00e7\u00e3o. LACRE na bisnaga e na caixa. garantindo a originalidade do produto. INSTRU\u00c7\u00d5ES DE USO DA POMADA 1. Higienize o local desejado com \u00e1gua morna e sab\u00e3o para abrir os poros da pele. 2.Fa\u00e7a uma leve esfolia\u00e7\u00e3o na regi\u00e3o. 3.Aplique a Pomada cobrindo toda a \u00e1rea com cerca de 2 mm de espessura. 4. Cubra a regi\u00e3o com filme pl\u00e1stico e aguarde 50 minutos 5.Remova o filme pl\u00e1stico e qualquer excesso de pomada para iniciar o procedimento *********************************************************** PRE\u00c7O PROMOCIONAL PARA ALAVANCAR NOSSA CONTA NOVA NA AMAZON, SOMOS IMPORTADOR E JA ESTAMOS NO MERCADO A MAIS DE 5 ANOS. TEMOS VARIAS LOJAS.<\/p>\n","protected":false},"featured_media":1324,"template":"","meta":{"_regular_price":["54.0000000000"],"currency_symbol":[],"site-sidebar-layout":"default","site-content-layout":"","ast-site-content-layout":"default","site-content-style":"default","site-sidebar-style":"default","ast-global-header-display":"","ast-banner-title-visibility":"","ast-main-header-display":"","ast-hfb-above-header-display":"","ast-hfb-below-header-display":"","ast-hfb-mobile-header-display":"","site-post-title":"","ast-breadcrumbs-content":"","ast-featured-img":"","footer-sml-layout":"","ast-disable-related-posts":"","theme-transparent-header-meta":"","adv-header-id-meta":"","stick-header-meta":"","header-above-stick-meta":"","header-main-stick-meta":"","header-below-stick-meta":"","astra-migrate-meta-layouts":"default","ast-page-background-enabled":"default","ast-page-background-meta":{"desktop":{"background-color":"var(--ast-global-color-5)","background-image":"","background-repeat":"repeat","background-position":"center center","background-size":"auto","background-attachment":"scroll","background-type":"","background-media":"","overlay-type":"","overlay-color":"","overlay-opacity":"","overlay-gradient":""},"tablet":{"background-color":"","background-image":"","background-repeat":"repeat","background-position":"center center","background-size":"auto","background-attachment":"scroll","background-type":"","background-media":"","overlay-type":"","overlay-color":"","overlay-opacity":"","overlay-gradient":""},"mobile":{"background-color":"","background-image":"","background-repeat":"repeat","background-position":"center center","background-size":"auto","background-attachment":"scroll","background-type":"","background-media":"","overlay-type":"","overlay-color":"","overlay-opacity":"","overlay-gradient":""}},"ast-content-background-meta":{"desktop":{"background-color":"var(--ast-global-color-4)","background-image":"","background-repeat":"repeat","background-position":"center center","background-size":"auto","background-attachment":"scroll","background-type":"","background-media":"","overlay-type":"","overlay-color":"","overlay-opacity":"","overlay-gradient":""},"tablet":{"background-color":"var(--ast-global-color-4)","background-image":"","background-repeat":"repeat","background-position":"center center","background-size":"auto","background-attachment":"scroll","background-type":"","background-media":"","overlay-type":"","overlay-color":"","overlay-opacity":"","overlay-gradient":""},"mobile":{"background-color":"var(--ast-global-color-4)","background-image":"","background-repeat":"repeat","background-position":"center center","background-size":"auto","background-attachment":"scroll","background-type":"","background-media":"","overlay-type":"","overlay-color":"","overlay-opacity":"","overlay-gradient":""}}},"product_brand":[],"product_cat":[85],"product_tag":[],"class_list":{"0":"post-1325","1":"product","2":"type-product","3":"status-publish","4":"has-post-thumbnail","6":"product_cat-pomadas","7":"desktop-align-center","8":"tablet-align-left","9":"mobile-align-left","11":"first","12":"instock","13":"shipping-taxable","14":"purchasable","15":"product-type-simple"},"post_slider_layout_featured_media_urls":{"thumbnail":["https:\/\/temktemx.com.br\/home\/wp-content\/uploads\/2026\/01\/15394433292-2025082813401704-280x280.png",280,280,true],"post_slider_layout_landscape_large":["https:\/\/temktemx.com.br\/home\/wp-content\/uploads\/2026\/01\/15394433292-2025082813401704-719x800.png",719,800,true],"post_slider_layout_portrait_large":["https:\/\/temktemx.com.br\/home\/wp-content\/uploads\/2026\/01\/15394433292-2025082813401704.webp",719,910,false],"post_slider_layout_square_large":["https:\/\/temktemx.com.br\/home\/wp-content\/uploads\/2026\/01\/15394433292-2025082813401704.webp",719,910,false],"post_slider_layout_landscape":["https:\/\/temktemx.com.br\/home\/wp-content\/uploads\/2026\/01\/15394433292-2025082813401704-600x400.png",600,400,true],"post_slider_layout_portrait":["https:\/\/temktemx.com.br\/home\/wp-content\/uploads\/2026\/01\/15394433292-2025082813401704-600x900.png",600,900,true],"post_slider_layout_square":["https:\/\/temktemx.com.br\/home\/wp-content\/uploads\/2026\/01\/15394433292-2025082813401704-600x600.png",600,600,true],"full":["https:\/\/temktemx.com.br\/home\/wp-content\/uploads\/2026\/01\/15394433292-2025082813401704.webp",719,910,false]},"_links":{"self":[{"href":"https:\/\/temktemx.com.br\/home\/wp-json\/wp\/v2\/product\/1325","targetHints":{"allow":["GET"]}}],"collection":[{"href":"https:\/\/temktemx.com.br\/home\/wp-json\/wp\/v2\/product"}],"about":[{"href":"https:\/\/temktemx.com.br\/home\/wp-json\/wp\/v2\/types\/product"}],"wp:featuredmedia":[{"embeddable":true,"href":"https:\/\/temktemx.com.br\/home\/wp-json\/wp\/v2\/media\/1324"}],"wp:attachment":[{"href":"https:\/\/temktemx.com.br\/home\/wp-json\/wp\/v2\/media?parent=1325"}],"wp:term":[{"taxonomy":"product_brand","embeddable":true,"href":"https:\/\/temktemx.com.br\/home\/wp-json\/wp\/v2\/product_brand?post=1325"},{"taxonomy":"product_cat","embeddable":true,"href":"https:\/\/temktemx.com.br\/home\/wp-json\/wp\/v2\/product_cat?post=1325"},{"taxonomy":"product_tag","embeddable":true,"href":"https:\/\/temktemx.com.br\/home\/wp-json\/wp\/v2\/product_tag?post=1325"}],"curies":[{"name":"wp","href":"https:\/\/api.w.org\/{rel}","templated":true}]}}